{"id":45,"date":"2017-12-13T08:38:46","date_gmt":"2017-12-13T08:38:46","guid":{"rendered":"http:\/\/fabym.com\/?page_id=45"},"modified":"2021-12-05T18:35:23","modified_gmt":"2021-12-05T18:35:23","slug":"contacto","status":"publish","type":"page","link":"http:\/\/fabym.com\/en\/contacto\/","title":{"rendered":"Contact"},"content":{"rendered":"<div data-elementor-type=\"wp-post\" data-elementor-id=\"45\" class=\"elementor elementor-45\">\n\t\t\t\t\t\t<section class=\"elementor-section elementor-top-section elementor-element elementor-element-49a9bd6 elementor-section-boxed elementor-section-height-default elementor-section-height-default\" data-id=\"49a9bd6\" data-element_type=\"section\" data-e-type=\"section\">\n\t\t\t\t\t\t<div class=\"elementor-container elementor-column-gap-default\">\n\t\t\t\t\t<div class=\"elementor-column elementor-col-100 elementor-top-column elementor-element elementor-element-0db4a81\" data-id=\"0db4a81\" data-element_type=\"column\" data-e-type=\"column\">\n\t\t\t<div class=\"elementor-widget-wrap elementor-element-populated\">\n\t\t\t\t\t\t<div class=\"elementor-element elementor-element-9a57efb elementor-widget elementor-widget-heading\" data-id=\"9a57efb\" data-element_type=\"widget\" data-e-type=\"widget\" data-widget_type=\"heading.default\">\n\t\t\t\t<div class=\"elementor-widget-container\">\n\t\t\t\t\t<h2 class=\"elementor-heading-title elementor-size-default\">\u00bfTienes Alguna Duda?<\/h2>\t\t\t\t<\/div>\n\t\t\t\t<\/div>\n\t\t\t\t\t<\/div>\n\t\t<\/div>\n\t\t\t\t\t<\/div>\n\t\t<\/section>\n\t\t\t\t<section class=\"elementor-section elementor-top-section elementor-element elementor-element-ea0c2b6 elementor-section-boxed elementor-section-height-default elementor-section-height-default\" data-id=\"ea0c2b6\" data-element_type=\"section\" data-e-type=\"section\">\n\t\t\t\t\t\t<div class=\"elementor-container elementor-column-gap-default\">\n\t\t\t\t\t<div class=\"elementor-column elementor-col-100 elementor-top-column elementor-element elementor-element-006a702\" data-id=\"006a702\" data-element_type=\"column\" data-e-type=\"column\">\n\t\t\t<div class=\"elementor-widget-wrap elementor-element-populated\">\n\t\t\t\t\t\t<div class=\"elementor-element elementor-element-0d4389c elementor-widget elementor-widget-text-editor\" data-id=\"0d4389c\" data-element_type=\"widget\" data-e-type=\"widget\" data-widget_type=\"text-editor.default\">\n\t\t\t\t<div class=\"elementor-widget-container\">\n\t\t\t\t\t\t\t\t\t<p>Tu \u00e9xito es importante para mi. Me encantar\u00eda conocer su producto o servicio y elaborar estrategias sobre c\u00f3mo puede nuestros servicios para atraer nuevos clientes potenciales y aumentar las ventas. Escr\u00edbeme de c\u00f3mo podemos ayudarte para que su visi\u00f3n se traduzca en m\u00e1s clientes y mayores ganancias.\u00a0<\/p>\t\t\t\t\t\t\t\t<\/div>\n\t\t\t\t<\/div>\n\t\t\t\t\t<\/div>\n\t\t<\/div>\n\t\t\t\t\t<\/div>\n\t\t<\/section>\n\t\t\t\t<section class=\"elementor-section elementor-top-section elementor-element elementor-element-2928910 elementor-section-boxed elementor-section-height-default elementor-section-height-default\" data-id=\"2928910\" data-element_type=\"section\" data-e-type=\"section\">\n\t\t\t\t\t\t<div class=\"elementor-container elementor-column-gap-default\">\n\t\t\t\t\t<div class=\"elementor-column elementor-col-66 elementor-top-column elementor-element elementor-element-97a1e94\" data-id=\"97a1e94\" data-element_type=\"column\" data-e-type=\"column\">\n\t\t\t<div class=\"elementor-widget-wrap elementor-element-populated\">\n\t\t\t\t\t\t<div class=\"elementor-element elementor-element-e8a0ba2 eael-contact-form-7-button-align-left eael-contact-form-7-button-custom elementor-widget elementor-widget-eael-contact-form-7\" data-id=\"e8a0ba2\" data-element_type=\"widget\" data-e-type=\"widget\" data-widget_type=\"eael-contact-form-7.default\">\n\t\t\t\t<div class=\"elementor-widget-container\">\n\t\t\t\t\t<div class=\"eael-contact-form-7-wrapper\">\n                <div class=\"eael-contact-form eael-contact-form-7 eael-contact-form-e8a0ba2 placeholder-show eael-contact-form-align-default\">\n<div class=\"wpcf7 no-js\" id=\"wpcf7-f663-o1\" lang=\"es-ES\" dir=\"ltr\" data-wpcf7-id=\"663\">\n<div class=\"screen-reader-response\"><p role=\"status\" aria-live=\"polite\" aria-atomic=\"true\"><\/p> <ul><\/ul><\/div>\n<form action=\"\/en\/wp-json\/wp\/v2\/pages\/45#wpcf7-f663-o1\" method=\"post\" class=\"wpcf7-form init\" aria-label=\"Formulario de contacto\" novalidate=\"novalidate\" data-status=\"init\" data-trp-original-action=\"\/en\/wp-json\/wp\/v2\/pages\/45#wpcf7-f663-o1\">\n<fieldset class=\"hidden-fields-container\"><input type=\"hidden\" name=\"_wpcf7\" value=\"663\" \/><input type=\"hidden\" name=\"_wpcf7_version\" value=\"6.1.5\" \/><input type=\"hidden\" name=\"_wpcf7_locale\" value=\"es_ES\" \/><input type=\"hidden\" name=\"_wpcf7_unit_tag\" value=\"wpcf7-f663-o1\" \/><input type=\"hidden\" name=\"_wpcf7_container_post\" value=\"0\" \/><input type=\"hidden\" name=\"_wpcf7_posted_data_hash\" value=\"\" \/>\n<\/fieldset>\n<p><label> Tu nombre*<br \/>\n<span class=\"wpcf7-form-control-wrap\" data-name=\"your-name\"><input size=\"40\" maxlength=\"400\" class=\"wpcf7-form-control wpcf7-text wpcf7-validates-as-required\" aria-required=\"true\" aria-invalid=\"false\" value=\"\" type=\"text\" name=\"your-name\" \/><\/span> <\/label>\n<\/p>\n<p><label> Tu correo electr\u00f3nico*<br \/>\n<span class=\"wpcf7-form-control-wrap\" data-name=\"your-email\"><input size=\"40\" maxlength=\"400\" class=\"wpcf7-form-control wpcf7-email wpcf7-validates-as-required wpcf7-text wpcf7-validates-as-email\" aria-required=\"true\" aria-invalid=\"false\" value=\"\" type=\"email\" name=\"your-email\" \/><\/span> <\/label>\n<\/p>\n<p><label> Asunto<br \/>\n<span class=\"wpcf7-form-control-wrap\" data-name=\"your-subject\"><input size=\"40\" maxlength=\"400\" class=\"wpcf7-form-control wpcf7-text wpcf7-validates-as-required\" aria-required=\"true\" aria-invalid=\"false\" value=\"\" type=\"text\" name=\"your-subject\" \/><\/span> <\/label>\n<\/p>\n<p><label> Tu mensaje (opcional)<br \/>\n<span class=\"wpcf7-form-control-wrap\" data-name=\"your-message\"><textarea cols=\"40\" rows=\"10\" maxlength=\"2000\" class=\"wpcf7-form-control wpcf7-textarea\" aria-invalid=\"false\" name=\"your-message\"><\/textarea><\/span> <\/label>\n<\/p>\n<p><input class=\"wpcf7-form-control wpcf7-submit has-spinner\" type=\"submit\" value=\"Enviar\" \/>\n<\/p><input type='hidden' class='wpcf7-pum' value='{\"closepopup\":false,\"closedelay\":0,\"openpopup\":false,\"openpopup_id\":0}' \/><div class=\"wpcf7-response-output\" aria-hidden=\"true\"><\/div>\n<input type=\"hidden\" name=\"trp-form-language\" value=\"en\"\/><\/form>\n<\/div>\n<\/div>\n            <\/div>\t\t\t\t<\/div>\n\t\t\t\t<\/div>\n\t\t\t\t\t<\/div>\n\t\t<\/div>\n\t\t\t\t<div class=\"elementor-column elementor-col-33 elementor-top-column elementor-element elementor-element-3102671\" data-id=\"3102671\" data-element_type=\"column\" data-e-type=\"column\">\n\t\t\t<div class=\"elementor-widget-wrap elementor-element-populated\">\n\t\t\t\t\t\t<div class=\"elementor-element elementor-element-c10b36c elementor-widget elementor-widget-image\" data-id=\"c10b36c\" data-element_type=\"widget\" data-e-type=\"widget\" data-widget_type=\"image.default\">\n\t\t\t\t<div class=\"elementor-widget-container\">\n\t\t\t\t\t\t\t\t\t\t\t\t\t\t\t<img decoding=\"async\" width=\"336\" height=\"134\" src=\"https:\/\/fabym.com\/wp-content\/uploads\/2021\/12\/cropped-community-manager.png\" class=\"attachment-medium_large size-medium_large wp-image-1003\" alt=\"\" srcset=\"https:\/\/fabym.com\/wp-content\/uploads\/2021\/12\/cropped-community-manager.png 336w, https:\/\/fabym.com\/wp-content\/uploads\/2021\/12\/cropped-community-manager-300x120.png 300w, https:\/\/fabym.com\/wp-content\/uploads\/2021\/12\/cropped-community-manager-255x102.png 255w\" sizes=\"(max-width: 336px) 100vw, 336px\" \/>\t\t\t\t\t\t\t\t\t\t\t\t\t\t\t<\/div>\n\t\t\t\t<\/div>\n\t\t\t\t\t<\/div>\n\t\t<\/div>\n\t\t\t\t\t<\/div>\n\t\t<\/section>\n\t\t\t\t<section class=\"elementor-section elementor-top-section elementor-element elementor-element-16831ea elementor-section-boxed elementor-section-height-default elementor-section-height-default\" data-id=\"16831ea\" data-element_type=\"section\" data-e-type=\"section\">\n\t\t\t\t\t\t<div class=\"elementor-container elementor-column-gap-default\">\n\t\t\t\t\t<div class=\"elementor-column elementor-col-100 elementor-top-column elementor-element elementor-element-7c3af79\" data-id=\"7c3af79\" data-element_type=\"column\" data-e-type=\"column\">\n\t\t\t<div class=\"elementor-widget-wrap elementor-element-populated\">\n\t\t\t\t\t\t<div class=\"elementor-element elementor-element-b2de85b elementor-widget elementor-widget-google_maps\" data-id=\"b2de85b\" data-element_type=\"widget\" data-e-type=\"widget\" data-widget_type=\"google_maps.default\">\n\t\t\t\t<div class=\"elementor-widget-container\">\n\t\t\t\t\t\t\t<div class=\"elementor-custom-embed\">\n\t\t\t<iframe loading=\"lazy\"\n\t\t\t\t\tsrc=\"https:\/\/maps.google.com\/maps?q=Miami&#038;t=m&#038;z=10&#038;output=embed&#038;iwloc=near\"\n\t\t\t\t\ttitle=\"Miami\"\n\t\t\t\t\taria-label=\"Miami\"\n\t\t\t><\/iframe>\n\t\t<\/div>\n\t\t\t\t\t\t<\/div>\n\t\t\t\t<\/div>\n\t\t\t\t\t<\/div>\n\t\t<\/div>\n\t\t\t\t\t<\/div>\n\t\t<\/section>\n\t\t\t\t<\/div>","protected":false},"excerpt":{"rendered":"<p>\u00bfTienes Alguna Duda? Tu \u00e9xito es importante para mi. Me encantar\u00eda conocer su producto o servicio y elaborar estrategias sobre c\u00f3mo puede nuestros servicios para atraer nuevos clientes potenciales y aumentar las ventas. Escr\u00edbeme de c\u00f3mo podemos ayudarte para que su visi\u00f3n se traduzca en m\u00e1s clientes y mayores ganancias.\u00a0 Tu nombre* Tu correo electr\u00f3nico* [&hellip;]<\/p>\n","protected":false},"author":2,"featured_media":0,"parent":0,"menu_order":0,"comment_status":"closed","ping_status":"closed","template":"","meta":{"_mo_disable_npp":"","site-sidebar-layout":"no-sidebar","site-content-layout":"page-builder","ast-site-content-layout":"default","site-content-style":"default","site-sidebar-style":"default","ast-global-header-display":"","ast-banner-title-visibility":"","ast-main-header-display":"","ast-hfb-above-header-display":"","ast-hfb-below-header-display":"","ast-hfb-mobile-header-display":"","site-post-title":"disabled","ast-breadcrumbs-content":"","ast-featured-img":"disabled","footer-sml-layout":"","ast-disable-related-posts":"","theme-transparent-header-meta":"","adv-header-id-meta":"","stick-header-meta":"","header-above-stick-meta":"","header-main-stick-meta":"","header-below-stick-meta":"","astra-migrate-meta-layouts":"default","ast-page-background-enabled":"default","ast-page-background-meta":{"desktop":{"background-color":"","background-image":"","background-repeat":"repeat","background-position":"center center","background-size":"auto","background-attachment":"scroll","background-type":"","background-media":"","overlay-type":"","overlay-color":"","overlay-opacity":"","overlay-gradient":""},"tablet":{"background-color":"","background-image":"","background-repeat":"repeat","background-position":"center center","background-size":"auto","background-attachment":"scroll","background-type":"","background-media":"","overlay-type":"","overlay-color":"","overlay-opacity":"","overlay-gradient":""},"mobile":{"background-color":"","background-image":"","background-repeat":"repeat","background-position":"center center","background-size":"auto","background-attachment":"scroll","background-type":"","background-media":"","overlay-type":"","overlay-color":"","overlay-opacity":"","overlay-gradient":""}},"ast-content-background-meta":{"desktop":{"background-color":"var(--ast-global-color-5)","background-image":"","background-repeat":"repeat","background-position":"center center","background-size":"auto","background-attachment":"scroll","background-type":"","background-media":"","overlay-type":"","overlay-color":"","overlay-opacity":"","overlay-gradient":""},"tablet":{"background-color":"var(--ast-global-color-5)","background-image":"","background-repeat":"repeat","background-position":"center center","background-size":"auto","background-attachment":"scroll","background-type":"","background-media":"","overlay-type":"","overlay-color":"","overlay-opacity":"","overlay-gradient":""},"mobile":{"background-color":"var(--ast-global-color-5)","background-image":"","background-repeat":"repeat","background-position":"center center","background-size":"auto","background-attachment":"scroll","background-type":"","background-media":"","overlay-type":"","overlay-color":"","overlay-opacity":"","overlay-gradient":""}},"footnotes":""},"class_list":["post-45","page","type-page","status-publish","hentry"],"yoast_head":"<!-- This site is optimized with the Yoast SEO plugin v27.5 - https:\/\/yoast.com\/product\/yoast-seo-wordpress\/ -->\n<title>Contacto - FabyM<\/title>\n<meta name=\"robots\" content=\"index, follow, max-snippet:-1, max-image-preview:large, max-video-preview:-1\" \/>\n<link rel=\"canonical\" href=\"https:\/\/fabym.com\/en\/contacto\/\" \/>\n<meta property=\"og:locale\" content=\"en_US\" \/>\n<meta property=\"og:type\" content=\"article\" \/>\n<meta property=\"og:title\" content=\"Contacto - FabyM\" \/>\n<meta property=\"og:description\" content=\"\u00bfTienes Alguna Duda? Tu \u00e9xito es importante para mi. Me encantar\u00eda conocer su producto o servicio y elaborar estrategias sobre c\u00f3mo puede nuestros servicios para atraer nuevos clientes potenciales y aumentar las ventas. Escr\u00edbeme de c\u00f3mo podemos ayudarte para que su visi\u00f3n se traduzca en m\u00e1s clientes y mayores ganancias.\u00a0 Tu nombre* Tu correo electr\u00f3nico* [&hellip;]\" \/>\n<meta property=\"og:url\" content=\"https:\/\/fabym.com\/en\/contacto\/\" \/>\n<meta property=\"og:site_name\" content=\"FabyM\" \/>\n<meta property=\"article:modified_time\" content=\"2021-12-05T18:35:23+00:00\" \/>\n<meta property=\"og:image\" content=\"http:\/\/fabym.com\/wp-content\/uploads\/2021\/12\/cropped-community-manager-255x102.png\" \/>\n<meta name=\"twitter:card\" content=\"summary_large_image\" \/>\n<meta name=\"twitter:label1\" content=\"Est. reading time\" \/>\n\t<meta name=\"twitter:data1\" content=\"1 minute\" \/>\n<script type=\"application\/ld+json\" class=\"yoast-schema-graph\">{\"@context\":\"https:\\\/\\\/schema.org\",\"@graph\":[{\"@type\":\"WebPage\",\"@id\":\"https:\\\/\\\/fabym.com\\\/es_co\\\/contacto\\\/\",\"url\":\"https:\\\/\\\/fabym.com\\\/es_co\\\/contacto\\\/\",\"name\":\"Contacto - FabyM\",\"isPartOf\":{\"@id\":\"https:\\\/\\\/fabym.com\\\/es_co\\\/#website\"},\"primaryImageOfPage\":{\"@id\":\"https:\\\/\\\/fabym.com\\\/es_co\\\/contacto\\\/#primaryimage\"},\"image\":{\"@id\":\"https:\\\/\\\/fabym.com\\\/es_co\\\/contacto\\\/#primaryimage\"},\"thumbnailUrl\":\"http:\\\/\\\/fabym.com\\\/wp-content\\\/uploads\\\/2021\\\/12\\\/cropped-community-manager-255x102.png\",\"datePublished\":\"2017-12-13T08:38:46+00:00\",\"dateModified\":\"2021-12-05T18:35:23+00:00\",\"breadcrumb\":{\"@id\":\"https:\\\/\\\/fabym.com\\\/es_co\\\/contacto\\\/#breadcrumb\"},\"inLanguage\":\"en-US\",\"potentialAction\":[{\"@type\":\"ReadAction\",\"target\":[\"https:\\\/\\\/fabym.com\\\/es_co\\\/contacto\\\/\"]}]},{\"@type\":\"ImageObject\",\"inLanguage\":\"en-US\",\"@id\":\"https:\\\/\\\/fabym.com\\\/es_co\\\/contacto\\\/#primaryimage\",\"url\":\"http:\\\/\\\/fabym.com\\\/wp-content\\\/uploads\\\/2021\\\/12\\\/cropped-community-manager-255x102.png\",\"contentUrl\":\"http:\\\/\\\/fabym.com\\\/wp-content\\\/uploads\\\/2021\\\/12\\\/cropped-community-manager-255x102.png\"},{\"@type\":\"BreadcrumbList\",\"@id\":\"https:\\\/\\\/fabym.com\\\/es_co\\\/contacto\\\/#breadcrumb\",\"itemListElement\":[{\"@type\":\"ListItem\",\"position\":1,\"name\":\"Portada\",\"item\":\"https:\\\/\\\/fabym.com\\\/es_co\\\/\"},{\"@type\":\"ListItem\",\"position\":2,\"name\":\"Contacto\"}]},{\"@type\":\"WebSite\",\"@id\":\"https:\\\/\\\/fabym.com\\\/es_co\\\/#website\",\"url\":\"https:\\\/\\\/fabym.com\\\/es_co\\\/\",\"name\":\"FabyM\",\"description\":\"FabyM\",\"publisher\":{\"@id\":\"https:\\\/\\\/fabym.com\\\/es_co\\\/#organization\"},\"potentialAction\":[{\"@type\":\"SearchAction\",\"target\":{\"@type\":\"EntryPoint\",\"urlTemplate\":\"https:\\\/\\\/fabym.com\\\/es_co\\\/?s={search_term_string}\"},\"query-input\":{\"@type\":\"PropertyValueSpecification\",\"valueRequired\":true,\"valueName\":\"search_term_string\"}}],\"inLanguage\":\"en-US\"},{\"@type\":\"Organization\",\"@id\":\"https:\\\/\\\/fabym.com\\\/es_co\\\/#organization\",\"name\":\"FabyM\",\"url\":\"https:\\\/\\\/fabym.com\\\/es_co\\\/\",\"logo\":{\"@type\":\"ImageObject\",\"inLanguage\":\"en-US\",\"@id\":\"https:\\\/\\\/fabym.com\\\/es_co\\\/#\\\/schema\\\/logo\\\/image\\\/\",\"url\":\"http:\\\/\\\/fabym.com\\\/wp-content\\\/uploads\\\/2024\\\/11\\\/cropped-fabym-logo-180-x-60-px-new-logo-250-x-150-px-1.png\",\"contentUrl\":\"http:\\\/\\\/fabym.com\\\/wp-content\\\/uploads\\\/2024\\\/11\\\/cropped-fabym-logo-180-x-60-px-new-logo-250-x-150-px-1.png\",\"width\":781,\"height\":287,\"caption\":\"FabyM\"},\"image\":{\"@id\":\"https:\\\/\\\/fabym.com\\\/es_co\\\/#\\\/schema\\\/logo\\\/image\\\/\"}}]}<\/script>\n<!-- \/ Yoast SEO plugin. -->","yoast_head_json":{"title":"Contacto - FabyM","robots":{"index":"index","follow":"follow","max-snippet":"max-snippet:-1","max-image-preview":"max-image-preview:large","max-video-preview":"max-video-preview:-1"},"canonical":"https:\/\/fabym.com\/en\/contacto\/","og_locale":"en_US","og_type":"article","og_title":"Contacto - FabyM","og_description":"\u00bfTienes Alguna Duda? Tu \u00e9xito es importante para mi. Me encantar\u00eda conocer su producto o servicio y elaborar estrategias sobre c\u00f3mo puede nuestros servicios para atraer nuevos clientes potenciales y aumentar las ventas. Escr\u00edbeme de c\u00f3mo podemos ayudarte para que su visi\u00f3n se traduzca en m\u00e1s clientes y mayores ganancias.\u00a0 Tu nombre* Tu correo electr\u00f3nico* [&hellip;]","og_url":"https:\/\/fabym.com\/en\/contacto\/","og_site_name":"FabyM","article_modified_time":"2021-12-05T18:35:23+00:00","og_image":[{"url":"http:\/\/fabym.com\/wp-content\/uploads\/2021\/12\/cropped-community-manager-255x102.png","type":"","width":"","height":""}],"twitter_card":"summary_large_image","twitter_misc":{"Est. reading time":"1 minute"},"schema":{"@context":"https:\/\/schema.org","@graph":[{"@type":"WebPage","@id":"https:\/\/fabym.com\/es_co\/contacto\/","url":"https:\/\/fabym.com\/es_co\/contacto\/","name":"Contacto - FabyM","isPartOf":{"@id":"https:\/\/fabym.com\/es_co\/#website"},"primaryImageOfPage":{"@id":"https:\/\/fabym.com\/es_co\/contacto\/#primaryimage"},"image":{"@id":"https:\/\/fabym.com\/es_co\/contacto\/#primaryimage"},"thumbnailUrl":"http:\/\/fabym.com\/wp-content\/uploads\/2021\/12\/cropped-community-manager-255x102.png","datePublished":"2017-12-13T08:38:46+00:00","dateModified":"2021-12-05T18:35:23+00:00","breadcrumb":{"@id":"https:\/\/fabym.com\/es_co\/contacto\/#breadcrumb"},"inLanguage":"en-US","potentialAction":[{"@type":"ReadAction","target":["https:\/\/fabym.com\/es_co\/contacto\/"]}]},{"@type":"ImageObject","inLanguage":"en-US","@id":"https:\/\/fabym.com\/es_co\/contacto\/#primaryimage","url":"http:\/\/fabym.com\/wp-content\/uploads\/2021\/12\/cropped-community-manager-255x102.png","contentUrl":"http:\/\/fabym.com\/wp-content\/uploads\/2021\/12\/cropped-community-manager-255x102.png"},{"@type":"BreadcrumbList","@id":"https:\/\/fabym.com\/es_co\/contacto\/#breadcrumb","itemListElement":[{"@type":"ListItem","position":1,"name":"Portada","item":"https:\/\/fabym.com\/es_co\/"},{"@type":"ListItem","position":2,"name":"Contacto"}]},{"@type":"WebSite","@id":"https:\/\/fabym.com\/es_co\/#website","url":"https:\/\/fabym.com\/es_co\/","name":"FabyM","description":"FabyM","publisher":{"@id":"https:\/\/fabym.com\/es_co\/#organization"},"potentialAction":[{"@type":"SearchAction","target":{"@type":"EntryPoint","urlTemplate":"https:\/\/fabym.com\/es_co\/?s={search_term_string}"},"query-input":{"@type":"PropertyValueSpecification","valueRequired":true,"valueName":"search_term_string"}}],"inLanguage":"en-US"},{"@type":"Organization","@id":"https:\/\/fabym.com\/es_co\/#organization","name":"FabyM","url":"https:\/\/fabym.com\/es_co\/","logo":{"@type":"ImageObject","inLanguage":"en-US","@id":"https:\/\/fabym.com\/es_co\/#\/schema\/logo\/image\/","url":"http:\/\/fabym.com\/wp-content\/uploads\/2024\/11\/cropped-fabym-logo-180-x-60-px-new-logo-250-x-150-px-1.png","contentUrl":"http:\/\/fabym.com\/wp-content\/uploads\/2024\/11\/cropped-fabym-logo-180-x-60-px-new-logo-250-x-150-px-1.png","width":781,"height":287,"caption":"FabyM"},"image":{"@id":"https:\/\/fabym.com\/es_co\/#\/schema\/logo\/image\/"}}]}},"_links":{"self":[{"href":"http:\/\/fabym.com\/en\/wp-json\/wp\/v2\/pages\/45","targetHints":{"allow":["GET"]}}],"collection":[{"href":"http:\/\/fabym.com\/en\/wp-json\/wp\/v2\/pages"}],"about":[{"href":"http:\/\/fabym.com\/en\/wp-json\/wp\/v2\/types\/page"}],"author":[{"embeddable":true,"href":"http:\/\/fabym.com\/en\/wp-json\/wp\/v2\/users\/2"}],"replies":[{"embeddable":true,"href":"http:\/\/fabym.com\/en\/wp-json\/wp\/v2\/comments?post=45"}],"version-history":[{"count":5,"href":"http:\/\/fabym.com\/en\/wp-json\/wp\/v2\/pages\/45\/revisions"}],"predecessor-version":[{"id":1101,"href":"http:\/\/fabym.com\/en\/wp-json\/wp\/v2\/pages\/45\/revisions\/1101"}],"wp:attachment":[{"href":"http:\/\/fabym.com\/en\/wp-json\/wp\/v2\/media?parent=45"}],"curies":[{"name":"wp","href":"https:\/\/api.w.org\/{rel}","templated":true}]}}