{"id":865,"date":"2021-12-02T15:14:14","date_gmt":"2021-12-02T15:14:14","guid":{"rendered":"http:\/\/fabym.com\/?page_id=865"},"modified":"2025-01-22T13:55:29","modified_gmt":"2025-01-22T13:55:29","slug":"administracion-de-redes-sociales-paquetes","status":"publish","type":"page","link":"https:\/\/fabym.com\/en\/administracion-de-redes-sociales-paquetes\/","title":{"rendered":"Packages"},"content":{"rendered":"<div data-elementor-type=\"wp-page\" data-elementor-id=\"865\" class=\"elementor elementor-865\">\n\t\t\t\t\t\t<section class=\"elementor-section elementor-top-section elementor-element elementor-element-03ac834 elementor-section-boxed elementor-section-height-default elementor-section-height-default\" data-id=\"03ac834\" data-element_type=\"section\" data-e-type=\"section\">\n\t\t\t\t\t\t<div class=\"elementor-container elementor-column-gap-default\">\n\t\t\t\t\t<div class=\"elementor-column elementor-col-100 elementor-top-column elementor-element elementor-element-8d5a09d\" data-id=\"8d5a09d\" data-element_type=\"column\" data-e-type=\"column\">\n\t\t\t<div class=\"elementor-widget-wrap elementor-element-populated\">\n\t\t\t\t\t\t<div class=\"elementor-element elementor-element-dd1845c elementor-widget elementor-widget-text-editor\" data-id=\"dd1845c\" data-element_type=\"widget\" data-e-type=\"widget\" data-widget_type=\"text-editor.default\">\n\t\t\t\t<div class=\"elementor-widget-container\">\n\t\t\t\t\t\t\t\t\t<p style=\"text-align: center;\"><em><strong>I optimize, manage and grow your presence on social networks!<\/strong><\/em><\/p><p style=\"text-align: center;\">Mis servicios consisten en dise\u00f1o gr\u00e1fico y gesti\u00f3n de redes sociales como Facebook, Instagram, Tiktok. Te aseguro un gran trabajo con la calidad.\u00a0<\/p><h4 style=\"text-align: center;\"><strong>Community Manager \u2013 Management of Social Networks Prices<\/strong><\/h4>\t\t\t\t\t\t\t\t<\/div>\n\t\t\t\t<\/div>\n\t\t\t\t\t<\/div>\n\t\t<\/div>\n\t\t\t\t\t<\/div>\n\t\t<\/section>\n\t\t\t\t<section class=\"elementor-section elementor-top-section elementor-element elementor-element-5a75b12d elementor-section-boxed elementor-section-height-default elementor-section-height-default\" data-id=\"5a75b12d\" data-element_type=\"section\" data-e-type=\"section\">\n\t\t\t\t\t\t<div class=\"elementor-container elementor-column-gap-default\">\n\t\t\t\t\t<div class=\"elementor-column elementor-col-100 elementor-top-column elementor-element elementor-element-17e30d3d\" data-id=\"17e30d3d\" data-element_type=\"column\" data-e-type=\"column\">\n\t\t\t<div class=\"elementor-widget-wrap elementor-element-populated\">\n\t\t\t\t\t\t<div class=\"elementor-element elementor-element-133b1256 elementor-widget elementor-widget-text-editor\" data-id=\"133b1256\" data-element_type=\"widget\" data-e-type=\"widget\" data-widget_type=\"text-editor.default\">\n\t\t\t\t<div class=\"elementor-widget-container\">\n\t\t\t\t\t\t\t\t\t<p>\u00a0<span class=\"elfsight-admin-page-widgets-list-item-shortcode-value\">\n            <div \n                class=\"elfsight-widget-pricing-table elfsight-widget\" \n                data-elfsight-pricing-table-options=\"%7B%22layout%22%3A%22columns%22%2C%22skin%22%3A%22skin1%22%2C%22mainColor%22%3A%22rgb%280%2C%20131%2C%20255%29%22%2C%22styleColumnBorderRadius%22%3Atrue%2C%22styleColumnBorderWidth%22%3Atrue%2C%22useHorizontalScroll%22%3Afalse%2C%22headTitle%22%3A%22Plan%20name%22%2C%22headFeatures%22%3A%5B%7B%22text%22%3A%22Feature%201%22%7D%2C%7B%22text%22%3A%22Feature%202%22%7D%5D%2C%22headTextColor%22%3A%22rgb%2823%2C%2025%2C%2026%29%22%2C%22headBackgroundColor%22%3A%22rgb%28247%2C%20247%2C%20247%29%22%2C%22toggleVisible%22%3Afalse%2C%22toggleItems%22%3A%5B%5D%2C%22toggleDefaultItem%22%3A%22%22%2C%22toggleColor%22%3A%22%22%2C%22columns%22%3A%5B%7B%22isFeatured%22%3Afalse%2C%22title%22%3A%22SOCIAL%20MEDIA%20OPTIMIZER%201.0%22%2C%22titleCaption%22%3A%22Peque%5Cu00f1as%20Empresas%20%22%2C%22features%22%3A%5B%7B%22text%22%3A%22Gestion%20Mensual%22%2C%22icon%22%3A%22check%22%2C%22hint%22%3A%22%22%7D%2C%7B%22text%22%3A%22Gesti%5Cu00f3n%20de%201%20Red%20Social%20%28ejemplo%3A%20Facebook%20e%20Instagram%29%22%2C%22icon%22%3A%22check%22%2C%22hint%22%3A%22%22%7D%2C%7B%22text%22%3A%22Im%5Cu00e1genes%20y%20V%5Cu00eddeos%20de%20Stock%20Pagados%26nbsp%3B2%20Videos%20y%20Reels%22%2C%22icon%22%3A%22check%22%2C%22hint%22%3A%22%22%7D%2C%7B%22text%22%3A%22Creaci%5Cu00f3n%20de%20contenido%20a%20publicar%26nbsp%3B%28Imagen%2C%20Videos%2C%20Vectores%20y%20Animaciones%29%22%2C%22icon%22%3A%22check%22%2C%22hint%22%3A%22%22%7D%2C%7B%22text%22%3A%22Dise%5Cu00f1o%20y%20desarrollo%20de%20una%20p%5Cu00e1gina%20web%20informativa%20de%20hasta%203%20p%5Cu00e1ginas%22%2C%22icon%22%3A%22check%22%2C%22hint%22%3A%22%22%7D%2C%7B%22text%22%3A%22Optimizaci%5Cu00f3n%20de%20la%20p%5Cu00e1gina%20web%20para%20SEO%20b%5Cu00e1sico%22%2C%22icon%22%3A%22check%22%2C%22hint%22%3A%22%22%7D%2C%7B%22text%22%3A%222%20Revisiones%26nbsp%3B%22%2C%22icon%22%3A%22check%22%2C%22hint%22%3A%22%22%7D%2C%7B%22text%22%3A%221%20Promoci%5Cu00f3n%20Mensual%22%2C%22icon%22%3A%22check%22%2C%22hint%22%3A%22%22%7D%5D%2C%22priceCurrency%22%3A%22USD%22%2C%22price%22%3A%22465.00%22%2C%22pricePostfix%22%3A%22Mes%22%2C%22button%22%3A%22COMPRAR%22%2C%22buttonLink%22%3A%22https%3A%5C%2F%5C%2Fwww.paypal.com%5C%2Fwebapps%5C%2Fbilling%5C%2Fplans%5C%2Fsubscribe%3Fplan_id%3DP-7XL28802DM2903713MIURNQQ%22%2C%22buttonCaption%22%3A%22%22%2C%22mainColor%22%3A%22rgb%280%2C%20131%2C%20255%29%22%2C%22priceOptions%22%3A%5B%5D%2C%22buttonOptions%22%3A%5B%5D%2C%22pricePrefix%22%3A%22%22%2C%22priceCaption%22%3A%22%22%2C%22buttonTargetBlank%22%3Atrue%2C%22picture%22%3A%22%22%2C%22ribbonText%22%3A%22%22%2C%22ribbonBackgroundColor%22%3A%22%22%2C%22ribbonTextColor%22%3A%22%22%2C%22contentDivider%22%3Anull%7D%2C%7B%22isFeatured%22%3Atrue%2C%22title%22%3A%22SOCIAL%20MEDIA%20OPTIMIZER%202.0%22%2C%22titleCaption%22%3A%22Empresas%20en%20Crecimiento%22%2C%22features%22%3A%5B%7B%22text%22%3A%22Gestion%20Mensual%22%2C%22icon%22%3A%22check%22%2C%22hint%22%3A%22%22%7D%2C%7B%22text%22%3A%22Gesti%5Cu00f3n%20de%202%20Redes%20Sociales%20%28ejemplo%3A%20Facebook%20e%20Instagram%29%22%2C%22icon%22%3A%22check%22%2C%22hint%22%3A%22%22%7D%2C%7B%22text%22%3A%22Im%5Cu00e1genes%20y%20V%5Cu00eddeos%20de%20Stock%20Pagados%26nbsp%3B2%20Videos%20y%20Reels%22%2C%22icon%22%3A%22check%22%2C%22hint%22%3A%22%22%7D%2C%7B%22text%22%3A%22Creaci%5Cu00f3n%20de%20contenido%20a%20publicar%26nbsp%3B%28Imagen%2C%20Videos%2C%20Vectores%20y%20Animaciones%29%22%2C%22icon%22%3A%22check%22%2C%22hint%22%3A%22%22%7D%2C%7B%22text%22%3A%22Dise%5Cu00f1o%20y%20desarrollo%20de%20una%20p%5Cu00e1gina%20web%20informativa%20de%20hasta%206%20p%5Cu00e1ginas%22%2C%22icon%22%3A%22check%22%2C%22hint%22%3A%22%22%7D%2C%7B%22text%22%3A%22Optimizaci%5Cu00f3n%20de%20la%20p%5Cu00e1gina%20web%20para%20SEO%20avanzado.%22%2C%22icon%22%3A%22check%22%2C%22hint%22%3A%22%22%7D%2C%7B%22text%22%3A%223%20Revisiones%22%2C%22icon%22%3A%22check%22%2C%22hint%22%3A%22%22%7D%2C%7B%22text%22%3A%221%20Promoci%5Cu00f3n%20Mensual%22%2C%22icon%22%3A%22check%22%2C%22hint%22%3A%22%22%7D%2C%7B%22text%22%3A%22Configuraci%5Cu00f3n%20de%20la%20BIO%22%2C%22icon%22%3A%22check%22%2C%22hint%22%3A%22%22%7D%2C%7B%22text%22%3A%22Reporte%20mensual%20de%20m%5Cu00e9tricas%20de%20redes%20sociales%20y%20an%5Cu00e1lisis%20de%20sitio%20web.%22%2C%22icon%22%3A%22check%22%2C%22hint%22%3A%22%22%7D%5D%2C%22priceCurrency%22%3A%22USD%22%2C%22price%22%3A%22750.00%22%2C%22pricePostfix%22%3A%22Mes%22%2C%22button%22%3A%22COMPRAR%22%2C%22buttonLink%22%3A%22https%3A%5C%2F%5C%2Fwww.paypal.com%5C%2Fwebapps%5C%2Fbilling%5C%2Fplans%5C%2Fsubscribe%3Fplan_id%3DP-00442739XJ205164TMGZV22I%22%2C%22buttonCaption%22%3A%22%22%2C%22buttonFeatured%22%3Atrue%2C%22ribbonText%22%3A%22Popular%22%2C%22mainColor%22%3A%22rgb%280%2C%20131%2C%20255%29%22%2C%22priceOptions%22%3A%5B%5D%2C%22buttonOptions%22%3A%5B%5D%2C%22pricePrefix%22%3A%22%22%2C%22priceCaption%22%3A%22%22%2C%22buttonTargetBlank%22%3Atrue%2C%22picture%22%3A%22%22%2C%22ribbonBackgroundColor%22%3A%22%22%2C%22ribbonTextColor%22%3A%22%22%2C%22contentDivider%22%3Anull%7D%2C%7B%22isFeatured%22%3Afalse%2C%22title%22%3A%22SOCIAL%20MEDIA%20OPTIMIZER%203.0%22%2C%22titleCaption%22%3A%22Empresas%20Avanzadas%22%2C%22features%22%3A%5B%7B%22text%22%3A%22Gestion%20Mensual%22%2C%22icon%22%3A%22check%22%2C%22hint%22%3A%22%22%7D%2C%7B%22text%22%3A%22Gesti%5Cu00f3n%20de%204%20redes%20sociales%20%28ejemplo%3A%20Facebook%2C%20Instagram%2C%20Twitter%20y%20LinkedIn%29%22%2C%22icon%22%3A%22check%22%2C%22hint%22%3A%22%22%7D%2C%7B%22text%22%3A%22Im%5Cu00e1genes%20y%20Videos%20de%20Stock%20Pagados%3Cbr%3E%22%2C%22icon%22%3A%22check%22%2C%22hint%22%3A%22%22%7D%2C%7B%22text%22%3A%22Creaci%5Cu00f3n%20de%20contenido%20a%20publicar%26nbsp%3B%28Imagen%2C%20Videos%2C%20English%20or%20Spanish%29%22%2C%22icon%22%3A%22check%22%2C%22hint%22%3A%22%22%7D%2C%7B%22text%22%3A%22Dise%5Cu00f1o%20y%20desarrollo%20de%20una%20p%5Cu00e1gina%20web%20personalizada%20y%20con%20funcionalidades%20avanzadas%22%2C%22icon%22%3A%22check%22%2C%22hint%22%3A%22%22%7D%2C%7B%22text%22%3A%22Optimizaci%5Cu00f3n%20de%20la%20p%5Cu00e1gina%20web%20para%20SEO%20avanzado%22%2C%22icon%22%3A%22check%22%2C%22hint%22%3A%22%22%7D%2C%7B%22text%22%3A%22Publicidad%20en%20redes%20sociales%20con%20un%20Presupuesto.%22%2C%22icon%22%3A%22check%22%2C%22hint%22%3A%22%22%7D%2C%7B%22text%22%3A%22Revisiones%20Ilimitadas%22%2C%22icon%22%3A%22check%22%2C%22hint%22%3A%22%22%7D%2C%7B%22text%22%3A%22Creaci%5Cu00f3n%20de%20contenido%20multimedia%20adicional%20%28videos%2C%20infograf%5Cu00edas%2C%20etc.%29%22%2C%22icon%22%3A%22check%22%2C%22hint%22%3A%22%22%7D%2C%7B%22text%22%3A%22Reporte%20mensual%20detallado%20de%20m%5Cu00e9tricas%20de%20redes%20sociales%20y%20an%5Cu00e1lisis%20de%20sitio%20web.%22%2C%22icon%22%3A%22check%22%2C%22hint%22%3A%22%22%7D%2C%7B%22text%22%3A%22Soporte%20via%20Email%22%2C%22icon%22%3A%22check%22%2C%22hint%22%3A%22%22%7D%2C%7B%22text%22%3A%22Configuraci%5Cu00f3n%20de%20la%20BIO%22%2C%22icon%22%3A%22check%22%2C%22hint%22%3A%22%22%7D%2C%7B%22text%22%3A%223%20Promociones%20Mensuales%22%2C%22icon%22%3A%22check%22%2C%22hint%22%3A%22%22%7D%5D%2C%22priceCurrency%22%3A%22USD%22%2C%22price%22%3A%221500%22%2C%22pricePostfix%22%3A%22Mes%22%2C%22button%22%3A%22COMPRAR%22%2C%22buttonLink%22%3A%22https%3A%5C%2F%5C%2Fwww.paypal.com%5C%2Fwebapps%5C%2Fbilling%5C%2Fplans%5C%2Fsubscribe%3Fplan_id%3DP-7KP78345FF2200639MGZV43A%22%2C%22buttonCaption%22%3A%22%22%2C%22mainColor%22%3A%22rgb%280%2C%20131%2C%20255%29%22%2C%22priceOptions%22%3A%5B%5D%2C%22buttonOptions%22%3A%5B%5D%2C%22pricePrefix%22%3A%22%22%2C%22priceCaption%22%3A%22%22%2C%22buttonTargetBlank%22%3Atrue%2C%22picture%22%3A%22%22%2C%22ribbonText%22%3A%22%22%2C%22ribbonBackgroundColor%22%3A%22%22%2C%22ribbonTextColor%22%3A%22%22%2C%22contentDivider%22%3Anull%7D%5D%2C%22elements%22%3A%5B%7B%22complexGroup%22%3A%22title%22%2C%22name%22%3A%22Title%22%2C%22titleEnable%22%3Atrue%2C%22titleCaptionColor%22%3A%22%22%2C%22titleTextColor%22%3A%22%22%2C%22titleFontSize%22%3A24%2C%22titleFontWeight%22%3A400%7D%2C%7B%22complexGroup%22%3A%22features%22%2C%22name%22%3A%22Features%22%2C%22featuresEnable%22%3Atrue%2C%22featuresStyle%22%3A%22clean%22%2C%22featuresIconColor%22%3A%22%22%2C%22featuresTextColor%22%3A%22%22%7D%2C%7B%22complexGroup%22%3A%22price%22%2C%22name%22%3A%22Price%22%2C%22priceEnable%22%3Atrue%2C%22priceCaptionColor%22%3A%22%22%2C%22priceTextColor%22%3A%22%22%2C%22priceFontSize%22%3A32%2C%22priceFontWeight%22%3A600%7D%2C%7B%22complexGroup%22%3A%22button%22%2C%22name%22%3A%22Button%22%2C%22buttonEnable%22%3Atrue%2C%22buttonType%22%3A%22outline%22%2C%22buttonColor%22%3A%22%22%2C%22buttonTextColor%22%3A%22%22%2C%22buttonSize%22%3A%22medium%22%2C%22buttonCaptionColor%22%3A%22%22%7D%2C%7B%22complexGroup%22%3A%22picture%22%2C%22name%22%3A%22Picture%22%2C%22pictureEnable%22%3Atrue%7D%5D%2C%22widgetId%22%3A%221%22%7D\" \n                data-elfsight-pricing-table-version=\"2.6.1\"\n                data-elfsight-widget-id=\"elfsight-pricing-table-1\">\n            <\/div>\n            <\/span>\u00a0<\/p><div class=\"elfsight-admin-page-widgets-list-item-shortcode-copy\">\u00a0<\/div>\t\t\t\t\t\t\t\t<\/div>\n\t\t\t\t<\/div>\n\t\t\t\t\t<\/div>\n\t\t<\/div>\n\t\t\t\t\t<\/div>\n\t\t<\/section>\n\t\t\t\t<\/div>","protected":false},"excerpt":{"rendered":"<p>\u00a1Optimizo gestiono y hago crecer su presencia en las redes sociales! Mis servicios consisten en dise\u00f1o gr\u00e1fico y gesti\u00f3n de redes sociales como Facebook, Instagram, Tiktok. Te aseguro un gran trabajo con la calidad.\u00a0 Community Manager &#8211; Manejo de redes sociales precios \u00a0\u00a0 \u00a0<\/p>","protected":false},"author":2,"featured_media":0,"parent":0,"menu_order":0,"comment_status":"closed","ping_status":"closed","template":"","meta":{"_mo_disable_npp":"","site-sidebar-layout":"default","site-content-layout":"","ast-site-content-layout":"default","site-content-style":"default","site-sidebar-style":"default","ast-global-header-display":"","ast-banner-title-visibility":"","ast-main-header-display":"","ast-hfb-above-header-display":"","ast-hfb-below-header-display":"","ast-hfb-mobile-header-display":"","site-post-title":"","ast-breadcrumbs-content":"","ast-featured-img":"","footer-sml-layout":"","ast-disable-related-posts":"","theme-transparent-header-meta":"","adv-header-id-meta":"","stick-header-meta":"","header-above-stick-meta":"","header-main-stick-meta":"","header-below-stick-meta":"","astra-migrate-meta-layouts":"default","ast-page-background-enabled":"default","ast-page-background-meta":{"desktop":{"background-color":"","background-image":"","background-repeat":"repeat","background-position":"center center","background-size":"auto","background-attachment":"scroll","background-type":"","background-media":"","overlay-type":"","overlay-color":"","overlay-opacity":"","overlay-gradient":""},"tablet":{"background-color":"","background-image":"","background-repeat":"repeat","background-position":"center center","background-size":"auto","background-attachment":"scroll","background-type":"","background-media":"","overlay-type":"","overlay-color":"","overlay-opacity":"","overlay-gradient":""},"mobile":{"background-color":"","background-image":"","background-repeat":"repeat","background-position":"center center","background-size":"auto","background-attachment":"scroll","background-type":"","background-media":"","overlay-type":"","overlay-color":"","overlay-opacity":"","overlay-gradient":""}},"ast-content-background-meta":{"desktop":{"background-color":"var(--ast-global-color-5)","background-image":"","background-repeat":"repeat","background-position":"center center","background-size":"auto","background-attachment":"scroll","background-type":"","background-media":"","overlay-type":"","overlay-color":"","overlay-opacity":"","overlay-gradient":""},"tablet":{"background-color":"var(--ast-global-color-5)","background-image":"","background-repeat":"repeat","background-position":"center center","background-size":"auto","background-attachment":"scroll","background-type":"","background-media":"","overlay-type":"","overlay-color":"","overlay-opacity":"","overlay-gradient":""},"mobile":{"background-color":"var(--ast-global-color-5)","background-image":"","background-repeat":"repeat","background-position":"center center","background-size":"auto","background-attachment":"scroll","background-type":"","background-media":"","overlay-type":"","overlay-color":"","overlay-opacity":"","overlay-gradient":""}},"footnotes":""},"class_list":["post-865","page","type-page","status-publish","hentry"],"yoast_head":"<!-- This site is optimized with the Yoast SEO plugin v27.3 - https:\/\/yoast.com\/product\/yoast-seo-wordpress\/ -->\n<title>Paquetes - FabyM<\/title>\n<meta name=\"description\" content=\"Mis servicios consisten en gesti\u00f3n de marketing online, dise\u00f1o gr\u00e1fico y gesti\u00f3n de redes sociales como Facebook, Instagram, Pinterest. Te aseguro un gran trabajo con la calidad.\" \/>\n<meta name=\"robots\" content=\"index, follow, max-snippet:-1, max-image-preview:large, max-video-preview:-1\" \/>\n<link rel=\"canonical\" href=\"https:\/\/fabym.com\/en\/administracion-de-redes-sociales-paquetes\/\" \/>\n<meta property=\"og:locale\" content=\"en_US\" \/>\n<meta property=\"og:type\" content=\"article\" \/>\n<meta property=\"og:title\" content=\"Paquetes - FabyM\" \/>\n<meta property=\"og:description\" content=\"Mis servicios consisten en gesti\u00f3n de marketing online, dise\u00f1o gr\u00e1fico y gesti\u00f3n de redes sociales como Facebook, Instagram, Pinterest. Te aseguro un gran trabajo con la calidad.\" \/>\n<meta property=\"og:url\" content=\"https:\/\/fabym.com\/en\/administracion-de-redes-sociales-paquetes\/\" \/>\n<meta property=\"og:site_name\" content=\"FabyM\" \/>\n<meta property=\"article:modified_time\" content=\"2025-01-22T13:55:29+00:00\" \/>\n<meta name=\"twitter:card\" content=\"summary_large_image\" \/>\n<meta name=\"twitter:label1\" content=\"Est. reading time\" \/>\n\t<meta name=\"twitter:data1\" content=\"1 minute\" \/>\n<script type=\"application\/ld+json\" class=\"yoast-schema-graph\">{\"@context\":\"https:\\\/\\\/schema.org\",\"@graph\":[{\"@type\":\"WebPage\",\"@id\":\"https:\\\/\\\/fabym.com\\\/en\\\/administracion-de-redes-sociales-paquetes\\\/\",\"url\":\"https:\\\/\\\/fabym.com\\\/en\\\/administracion-de-redes-sociales-paquetes\\\/\",\"name\":\"Paquetes - FabyM\",\"isPartOf\":{\"@id\":\"https:\\\/\\\/fabym.com\\\/es_co\\\/#website\"},\"datePublished\":\"2021-12-02T15:14:14+00:00\",\"dateModified\":\"2025-01-22T13:55:29+00:00\",\"description\":\"Mis servicios consisten en gesti\u00f3n de marketing online, dise\u00f1o gr\u00e1fico y gesti\u00f3n de redes sociales como Facebook, Instagram, Pinterest. Te aseguro un gran trabajo con la calidad.\",\"breadcrumb\":{\"@id\":\"https:\\\/\\\/fabym.com\\\/en\\\/administracion-de-redes-sociales-paquetes\\\/#breadcrumb\"},\"inLanguage\":\"en-US\",\"potentialAction\":[{\"@type\":\"ReadAction\",\"target\":[\"https:\\\/\\\/fabym.com\\\/en\\\/administracion-de-redes-sociales-paquetes\\\/\"]}]},{\"@type\":\"BreadcrumbList\",\"@id\":\"https:\\\/\\\/fabym.com\\\/en\\\/administracion-de-redes-sociales-paquetes\\\/#breadcrumb\",\"itemListElement\":[{\"@type\":\"ListItem\",\"position\":1,\"name\":\"Portada\",\"item\":\"https:\\\/\\\/fabym.com\\\/es_co\\\/\"},{\"@type\":\"ListItem\",\"position\":2,\"name\":\"Paquetes\"}]},{\"@type\":\"WebSite\",\"@id\":\"https:\\\/\\\/fabym.com\\\/es_co\\\/#website\",\"url\":\"https:\\\/\\\/fabym.com\\\/es_co\\\/\",\"name\":\"FabyM\",\"description\":\"FabyM\",\"publisher\":{\"@id\":\"https:\\\/\\\/fabym.com\\\/es_co\\\/#organization\"},\"potentialAction\":[{\"@type\":\"SearchAction\",\"target\":{\"@type\":\"EntryPoint\",\"urlTemplate\":\"https:\\\/\\\/fabym.com\\\/es_co\\\/?s={search_term_string}\"},\"query-input\":{\"@type\":\"PropertyValueSpecification\",\"valueRequired\":true,\"valueName\":\"search_term_string\"}}],\"inLanguage\":\"en-US\"},{\"@type\":\"Organization\",\"@id\":\"https:\\\/\\\/fabym.com\\\/es_co\\\/#organization\",\"name\":\"FabyM\",\"url\":\"https:\\\/\\\/fabym.com\\\/es_co\\\/\",\"logo\":{\"@type\":\"ImageObject\",\"inLanguage\":\"en-US\",\"@id\":\"https:\\\/\\\/fabym.com\\\/es_co\\\/#\\\/schema\\\/logo\\\/image\\\/\",\"url\":\"https:\\\/\\\/fabym.com\\\/wp-content\\\/uploads\\\/2024\\\/11\\\/cropped-fabym-logo-180-x-60-px-new-logo-250-x-150-px-1.png\",\"contentUrl\":\"https:\\\/\\\/fabym.com\\\/wp-content\\\/uploads\\\/2024\\\/11\\\/cropped-fabym-logo-180-x-60-px-new-logo-250-x-150-px-1.png\",\"width\":781,\"height\":287,\"caption\":\"FabyM\"},\"image\":{\"@id\":\"https:\\\/\\\/fabym.com\\\/es_co\\\/#\\\/schema\\\/logo\\\/image\\\/\"}}]}<\/script>\n<!-- \/ Yoast SEO plugin. -->","yoast_head_json":{"title":"Paquetes - FabyM","description":"Mis servicios consisten en gesti\u00f3n de marketing online, dise\u00f1o gr\u00e1fico y gesti\u00f3n de redes sociales como Facebook, Instagram, Pinterest. Te aseguro un gran trabajo con la calidad.","robots":{"index":"index","follow":"follow","max-snippet":"max-snippet:-1","max-image-preview":"max-image-preview:large","max-video-preview":"max-video-preview:-1"},"canonical":"https:\/\/fabym.com\/en\/administracion-de-redes-sociales-paquetes\/","og_locale":"en_US","og_type":"article","og_title":"Paquetes - FabyM","og_description":"Mis servicios consisten en gesti\u00f3n de marketing online, dise\u00f1o gr\u00e1fico y gesti\u00f3n de redes sociales como Facebook, Instagram, Pinterest. Te aseguro un gran trabajo con la calidad.","og_url":"https:\/\/fabym.com\/en\/administracion-de-redes-sociales-paquetes\/","og_site_name":"FabyM","article_modified_time":"2025-01-22T13:55:29+00:00","twitter_card":"summary_large_image","twitter_misc":{"Est. reading time":"1 minute"},"schema":{"@context":"https:\/\/schema.org","@graph":[{"@type":"WebPage","@id":"https:\/\/fabym.com\/en\/administracion-de-redes-sociales-paquetes\/","url":"https:\/\/fabym.com\/en\/administracion-de-redes-sociales-paquetes\/","name":"Paquetes - FabyM","isPartOf":{"@id":"https:\/\/fabym.com\/es_co\/#website"},"datePublished":"2021-12-02T15:14:14+00:00","dateModified":"2025-01-22T13:55:29+00:00","description":"Mis servicios consisten en gesti\u00f3n de marketing online, dise\u00f1o gr\u00e1fico y gesti\u00f3n de redes sociales como Facebook, Instagram, Pinterest. Te aseguro un gran trabajo con la calidad.","breadcrumb":{"@id":"https:\/\/fabym.com\/en\/administracion-de-redes-sociales-paquetes\/#breadcrumb"},"inLanguage":"en-US","potentialAction":[{"@type":"ReadAction","target":["https:\/\/fabym.com\/en\/administracion-de-redes-sociales-paquetes\/"]}]},{"@type":"BreadcrumbList","@id":"https:\/\/fabym.com\/en\/administracion-de-redes-sociales-paquetes\/#breadcrumb","itemListElement":[{"@type":"ListItem","position":1,"name":"Portada","item":"https:\/\/fabym.com\/es_co\/"},{"@type":"ListItem","position":2,"name":"Paquetes"}]},{"@type":"WebSite","@id":"https:\/\/fabym.com\/es_co\/#website","url":"https:\/\/fabym.com\/es_co\/","name":"FabyM","description":"FabyM","publisher":{"@id":"https:\/\/fabym.com\/es_co\/#organization"},"potentialAction":[{"@type":"SearchAction","target":{"@type":"EntryPoint","urlTemplate":"https:\/\/fabym.com\/es_co\/?s={search_term_string}"},"query-input":{"@type":"PropertyValueSpecification","valueRequired":true,"valueName":"search_term_string"}}],"inLanguage":"en-US"},{"@type":"Organization","@id":"https:\/\/fabym.com\/es_co\/#organization","name":"FabyM","url":"https:\/\/fabym.com\/es_co\/","logo":{"@type":"ImageObject","inLanguage":"en-US","@id":"https:\/\/fabym.com\/es_co\/#\/schema\/logo\/image\/","url":"https:\/\/fabym.com\/wp-content\/uploads\/2024\/11\/cropped-fabym-logo-180-x-60-px-new-logo-250-x-150-px-1.png","contentUrl":"https:\/\/fabym.com\/wp-content\/uploads\/2024\/11\/cropped-fabym-logo-180-x-60-px-new-logo-250-x-150-px-1.png","width":781,"height":287,"caption":"FabyM"},"image":{"@id":"https:\/\/fabym.com\/es_co\/#\/schema\/logo\/image\/"}}]}},"_links":{"self":[{"href":"https:\/\/fabym.com\/en\/wp-json\/wp\/v2\/pages\/865","targetHints":{"allow":["GET"]}}],"collection":[{"href":"https:\/\/fabym.com\/en\/wp-json\/wp\/v2\/pages"}],"about":[{"href":"https:\/\/fabym.com\/en\/wp-json\/wp\/v2\/types\/page"}],"author":[{"embeddable":true,"href":"https:\/\/fabym.com\/en\/wp-json\/wp\/v2\/users\/2"}],"replies":[{"embeddable":true,"href":"https:\/\/fabym.com\/en\/wp-json\/wp\/v2\/comments?post=865"}],"version-history":[{"count":5,"href":"https:\/\/fabym.com\/en\/wp-json\/wp\/v2\/pages\/865\/revisions"}],"predecessor-version":[{"id":2653,"href":"https:\/\/fabym.com\/en\/wp-json\/wp\/v2\/pages\/865\/revisions\/2653"}],"wp:attachment":[{"href":"https:\/\/fabym.com\/en\/wp-json\/wp\/v2\/media?parent=865"}],"curies":[{"name":"wp","href":"https:\/\/api.w.org\/{rel}","templated":true}]}}